{"id":106,"date":"2024-06-15T15:48:08","date_gmt":"2024-06-15T13:48:08","guid":{"rendered":"https:\/\/ensoi-sophrologie.com\/?page_id=106"},"modified":"2024-06-15T15:50:43","modified_gmt":"2024-06-15T13:50:43","slug":"mentions-legales","status":"publish","type":"page","link":"https:\/\/ensoi-sophrologie.com\/index.php\/mentions-legales\/","title":{"rendered":"Mentions L\u00e9gales"},"content":{"rendered":"\n<p>Conform\u00e9ment aux dispositions de la loi n\u00b0 2004-575 du 21 juin 2004 pour la confiance en l&rsquo;\u00e9conomie num\u00e9rique, il est pr\u00e9cis\u00e9 aux utilisateurs du site ensoi-sophrologie.com l&rsquo;identit\u00e9 des diff\u00e9rents intervenants dans le cadre de sa r\u00e9alisation et de son suivi.<\/p>\n\n\n\n<p><strong>Edition du site&nbsp;<\/strong><\/p>\n\n\n\n<p><a href=\"https:\/\/www.ensoi-sophrologie.com\">https:\/\/www.ensoi-sophrologie.com<\/a><\/p>\n\n\n\n<p>Florence Larue, 41 Chemin de Grandvaux 69130 Ecully, de nationalit\u00e9 Fran\u00e7aise (France), n\u00e9(e) le 19.12.1981,\u00a0 inscrite au R\u00e9pertoire des Entreprises et des Etablissements dont l&rsquo;identifiant SIRET du si\u00e8ge est le <br>\u00a0<\/p>\n\n\n\n<p><strong>H\u00e9bergement<\/strong><br>Le Site est h\u00e9berg\u00e9 par la soci\u00e9t\u00e9 OVH situ\u00e9e <strong>2 rue Kellermann \u2013 BP 80157 59053 ROUBAIX CEDEX 1<\/strong>&nbsp;<\/p>\n\n\n\n<p><strong>Directeur de publication&nbsp;<\/strong><br>La Directrice de la publication du Site est Florence Larue<\/p>\n\n\n\n<p><strong>Me contacter&nbsp;<\/strong><br>Par t\u00e9l\u00e9phone : +33<\/p>\n\n\n\n<p>Par email :&nbsp;<\/p>\n\n\n\n<p>Par courrier : <\/p>\n\n\n\n<p><strong>Donn\u00e9es personnelles<\/strong><\/p>\n\n\n\n<p>Le traitement de vos donn\u00e9es \u00e0 caract\u00e8re personnel est r\u00e9gi par notre Charte du respect de la vie priv\u00e9e, disponible depuis la section \u00ab\u00a0Charte de Protection des Donn\u00e9es Personnelles\u00a0\u00bb, conform\u00e9ment au R\u00e8glement G\u00e9n\u00e9ral sur la Protection des Donn\u00e9es 2016\/679 du 27 avril 2016 (\u00abRGPD\u00bb).<\/p>\n\n\n\n<p>\u200b<\/p>\n\n\n\n<p><strong>M\u00e9diateur \u00e0 la consommation<\/strong><\/p>\n\n\n\n<p>\u00ab Conform\u00e9ment aux articles L.616-1 et R.616-1 du code de la consommation, nous proposons un dispositif de m\u00e9diation de la consommation. L&rsquo;entit\u00e9 de m\u00e9diation retenue est : CNPM &#8211; MEDIATION DE LA CONSOMMATION. En cas de litige, vous pouvez d\u00e9poser votre r\u00e9clamation sur son site :&nbsp;<a href=\"https:\/\/cnpm-mediation-consommation.eu\/\" target=\"_blank\" rel=\"noreferrer noopener\">https:\/\/cnpm-mediation-consommation.eu<\/a>&nbsp;ou par voie postale en \u00e9crivant \u00e0 CNPM &#8211; MEDIATION &#8211; CONSOMMATION &#8211; 27 avenue de la lib\u00e9ration &#8211; 42400 Saint-Chamond \u00bb<\/p>\n\n\n\n<p><br><\/p>\n","protected":false},"excerpt":{"rendered":"<p>Conform\u00e9ment aux dispositions de la loi n\u00b0 2004-575 du 21 juin 2004 pour la confiance en l&rsquo;\u00e9conomie num\u00e9rique, il est pr\u00e9cis\u00e9 aux utilisateurs du site ensoi-sophrologie.com l&rsquo;identit\u00e9 des diff\u00e9rents intervenants dans le cadre de sa r\u00e9alisation et de son suivi. Edition du site&nbsp; https:\/\/www.ensoi-sophrologie.com Florence Larue, 41 Chemin de Grandvaux 69130 Ecully, de nationalit\u00e9 Fran\u00e7aise [&hellip;]<\/p>\n","protected":false},"author":1,"featured_media":0,"parent":0,"menu_order":0,"comment_status":"closed","ping_status":"closed","template":"","meta":{"_et_pb_use_builder":"off","_et_pb_old_content":"","_et_gb_content_width":"","footnotes":""},"class_list":["post-106","page","type-page","status-publish","hentry"],"yoast_head":"<!-- This site is optimized with the Yoast SEO plugin v23.2 - https:\/\/yoast.com\/wordpress\/plugins\/seo\/ -->\n<title>Mentions L\u00e9gales - Sophrologue Ecully Lyon - Florence Larue<\/title>\n<meta name=\"robots\" content=\"index, follow, max-snippet:-1, max-image-preview:large, max-video-preview:-1\" \/>\n<link rel=\"canonical\" href=\"https:\/\/ensoi-sophrologie.com\/index.php\/mentions-legales\/\" \/>\n<meta property=\"og:locale\" content=\"fr_FR\" \/>\n<meta property=\"og:type\" content=\"article\" \/>\n<meta property=\"og:title\" content=\"Mentions L\u00e9gales - Sophrologue Ecully Lyon - Florence Larue\" \/>\n<meta property=\"og:description\" content=\"Conform\u00e9ment aux dispositions de la loi n\u00b0 2004-575 du 21 juin 2004 pour la confiance en l&rsquo;\u00e9conomie num\u00e9rique, il est pr\u00e9cis\u00e9 aux utilisateurs du site ensoi-sophrologie.com l&rsquo;identit\u00e9 des diff\u00e9rents intervenants dans le cadre de sa r\u00e9alisation et de son suivi. Edition du site&nbsp; https:\/\/www.ensoi-sophrologie.com Florence Larue, 41 Chemin de Grandvaux 69130 Ecully, de nationalit\u00e9 Fran\u00e7aise [&hellip;]\" \/>\n<meta property=\"og:url\" content=\"https:\/\/ensoi-sophrologie.com\/index.php\/mentions-legales\/\" \/>\n<meta property=\"og:site_name\" content=\"Sophrologue Ecully Lyon - Florence Larue\" \/>\n<meta property=\"article:modified_time\" content=\"2024-06-15T13:50:43+00:00\" \/>\n<meta name=\"twitter:card\" content=\"summary_large_image\" \/>\n<meta name=\"twitter:label1\" content=\"Dur\u00e9e de lecture estim\u00e9e\" \/>\n\t<meta name=\"twitter:data1\" content=\"1 minute\" \/>\n<script type=\"application\/ld+json\" class=\"yoast-schema-graph\">{\"@context\":\"https:\/\/schema.org\",\"@graph\":[{\"@type\":\"WebPage\",\"@id\":\"https:\/\/ensoi-sophrologie.com\/index.php\/mentions-legales\/\",\"url\":\"https:\/\/ensoi-sophrologie.com\/index.php\/mentions-legales\/\",\"name\":\"Mentions L\u00e9gales - Sophrologue Ecully Lyon - Florence Larue\",\"isPartOf\":{\"@id\":\"https:\/\/ensoi-sophrologie.com\/#website\"},\"datePublished\":\"2024-06-15T13:48:08+00:00\",\"dateModified\":\"2024-06-15T13:50:43+00:00\",\"breadcrumb\":{\"@id\":\"https:\/\/ensoi-sophrologie.com\/index.php\/mentions-legales\/#breadcrumb\"},\"inLanguage\":\"fr-FR\",\"potentialAction\":[{\"@type\":\"ReadAction\",\"target\":[\"https:\/\/ensoi-sophrologie.com\/index.php\/mentions-legales\/\"]}]},{\"@type\":\"BreadcrumbList\",\"@id\":\"https:\/\/ensoi-sophrologie.com\/index.php\/mentions-legales\/#breadcrumb\",\"itemListElement\":[{\"@type\":\"ListItem\",\"position\":1,\"name\":\"Accueil\",\"item\":\"https:\/\/ensoi-sophrologie.com\/\"},{\"@type\":\"ListItem\",\"position\":2,\"name\":\"Mentions L\u00e9gales\"}]},{\"@type\":\"WebSite\",\"@id\":\"https:\/\/ensoi-sophrologie.com\/#website\",\"url\":\"https:\/\/ensoi-sophrologie.com\/\",\"name\":\"Sophrologue Ecully Lyon - Florence Larue\",\"description\":\"\",\"publisher\":{\"@id\":\"https:\/\/ensoi-sophrologie.com\/#organization\"},\"potentialAction\":[{\"@type\":\"SearchAction\",\"target\":{\"@type\":\"EntryPoint\",\"urlTemplate\":\"https:\/\/ensoi-sophrologie.com\/?s={search_term_string}\"},\"query-input\":\"required name=search_term_string\"}],\"inLanguage\":\"fr-FR\"},{\"@type\":\"Organization\",\"@id\":\"https:\/\/ensoi-sophrologie.com\/#organization\",\"name\":\"Sophrologue Ecully Lyon - Florence Larue\",\"url\":\"https:\/\/ensoi-sophrologie.com\/\",\"logo\":{\"@type\":\"ImageObject\",\"inLanguage\":\"fr-FR\",\"@id\":\"https:\/\/ensoi-sophrologie.com\/#\/schema\/logo\/image\/\",\"url\":\"https:\/\/ensoi-sophrologie.com\/wp-content\/uploads\/2024\/06\/cropped-logo-1.png\",\"contentUrl\":\"https:\/\/ensoi-sophrologie.com\/wp-content\/uploads\/2024\/06\/cropped-logo-1.png\",\"width\":512,\"height\":512,\"caption\":\"Sophrologue Ecully Lyon - Florence Larue\"},\"image\":{\"@id\":\"https:\/\/ensoi-sophrologie.com\/#\/schema\/logo\/image\/\"}}]}<\/script>\n<!-- \/ Yoast SEO plugin. -->","yoast_head_json":{"title":"Mentions L\u00e9gales - Sophrologue Ecully Lyon - Florence Larue","robots":{"index":"index","follow":"follow","max-snippet":"max-snippet:-1","max-image-preview":"max-image-preview:large","max-video-preview":"max-video-preview:-1"},"canonical":"https:\/\/ensoi-sophrologie.com\/index.php\/mentions-legales\/","og_locale":"fr_FR","og_type":"article","og_title":"Mentions L\u00e9gales - Sophrologue Ecully Lyon - Florence Larue","og_description":"Conform\u00e9ment aux dispositions de la loi n\u00b0 2004-575 du 21 juin 2004 pour la confiance en l&rsquo;\u00e9conomie num\u00e9rique, il est pr\u00e9cis\u00e9 aux utilisateurs du site ensoi-sophrologie.com l&rsquo;identit\u00e9 des diff\u00e9rents intervenants dans le cadre de sa r\u00e9alisation et de son suivi. Edition du site&nbsp; https:\/\/www.ensoi-sophrologie.com Florence Larue, 41 Chemin de Grandvaux 69130 Ecully, de nationalit\u00e9 Fran\u00e7aise [&hellip;]","og_url":"https:\/\/ensoi-sophrologie.com\/index.php\/mentions-legales\/","og_site_name":"Sophrologue Ecully Lyon - Florence Larue","article_modified_time":"2024-06-15T13:50:43+00:00","twitter_card":"summary_large_image","twitter_misc":{"Dur\u00e9e de lecture estim\u00e9e":"1 minute"},"schema":{"@context":"https:\/\/schema.org","@graph":[{"@type":"WebPage","@id":"https:\/\/ensoi-sophrologie.com\/index.php\/mentions-legales\/","url":"https:\/\/ensoi-sophrologie.com\/index.php\/mentions-legales\/","name":"Mentions L\u00e9gales - Sophrologue Ecully Lyon - Florence Larue","isPartOf":{"@id":"https:\/\/ensoi-sophrologie.com\/#website"},"datePublished":"2024-06-15T13:48:08+00:00","dateModified":"2024-06-15T13:50:43+00:00","breadcrumb":{"@id":"https:\/\/ensoi-sophrologie.com\/index.php\/mentions-legales\/#breadcrumb"},"inLanguage":"fr-FR","potentialAction":[{"@type":"ReadAction","target":["https:\/\/ensoi-sophrologie.com\/index.php\/mentions-legales\/"]}]},{"@type":"BreadcrumbList","@id":"https:\/\/ensoi-sophrologie.com\/index.php\/mentions-legales\/#breadcrumb","itemListElement":[{"@type":"ListItem","position":1,"name":"Accueil","item":"https:\/\/ensoi-sophrologie.com\/"},{"@type":"ListItem","position":2,"name":"Mentions L\u00e9gales"}]},{"@type":"WebSite","@id":"https:\/\/ensoi-sophrologie.com\/#website","url":"https:\/\/ensoi-sophrologie.com\/","name":"Sophrologue Ecully Lyon - Florence Larue","description":"","publisher":{"@id":"https:\/\/ensoi-sophrologie.com\/#organization"},"potentialAction":[{"@type":"SearchAction","target":{"@type":"EntryPoint","urlTemplate":"https:\/\/ensoi-sophrologie.com\/?s={search_term_string}"},"query-input":"required name=search_term_string"}],"inLanguage":"fr-FR"},{"@type":"Organization","@id":"https:\/\/ensoi-sophrologie.com\/#organization","name":"Sophrologue Ecully Lyon - Florence Larue","url":"https:\/\/ensoi-sophrologie.com\/","logo":{"@type":"ImageObject","inLanguage":"fr-FR","@id":"https:\/\/ensoi-sophrologie.com\/#\/schema\/logo\/image\/","url":"https:\/\/ensoi-sophrologie.com\/wp-content\/uploads\/2024\/06\/cropped-logo-1.png","contentUrl":"https:\/\/ensoi-sophrologie.com\/wp-content\/uploads\/2024\/06\/cropped-logo-1.png","width":512,"height":512,"caption":"Sophrologue Ecully Lyon - Florence Larue"},"image":{"@id":"https:\/\/ensoi-sophrologie.com\/#\/schema\/logo\/image\/"}}]}},"_links":{"self":[{"href":"https:\/\/ensoi-sophrologie.com\/index.php\/wp-json\/wp\/v2\/pages\/106","targetHints":{"allow":["GET"]}}],"collection":[{"href":"https:\/\/ensoi-sophrologie.com\/index.php\/wp-json\/wp\/v2\/pages"}],"about":[{"href":"https:\/\/ensoi-sophrologie.com\/index.php\/wp-json\/wp\/v2\/types\/page"}],"author":[{"embeddable":true,"href":"https:\/\/ensoi-sophrologie.com\/index.php\/wp-json\/wp\/v2\/users\/1"}],"replies":[{"embeddable":true,"href":"https:\/\/ensoi-sophrologie.com\/index.php\/wp-json\/wp\/v2\/comments?post=106"}],"version-history":[{"count":5,"href":"https:\/\/ensoi-sophrologie.com\/index.php\/wp-json\/wp\/v2\/pages\/106\/revisions"}],"predecessor-version":[{"id":119,"href":"https:\/\/ensoi-sophrologie.com\/index.php\/wp-json\/wp\/v2\/pages\/106\/revisions\/119"}],"wp:attachment":[{"href":"https:\/\/ensoi-sophrologie.com\/index.php\/wp-json\/wp\/v2\/media?parent=106"}],"curies":[{"name":"wp","href":"https:\/\/api.w.org\/{rel}","templated":true}]}}